{"id":95,"date":"2026-04-11T19:44:38","date_gmt":"2026-04-11T17:44:38","guid":{"rendered":"https:\/\/elysioclub.at\/?page_id=95"},"modified":"2026-04-12T21:01:16","modified_gmt":"2026-04-12T19:01:16","slug":"elementor-95","status":"publish","type":"page","link":"https:\/\/elysioclub.at\/","title":{"rendered":"Startseite &#8211; ELYSIO Network"},"content":{"rendered":"\t\t<div data-elementor-type=\"wp-post\" data-elementor-id=\"95\" class=\"elementor elementor-95\" data-elementor-post-type=\"page\">\n\t\t\t\t\t\t<section class=\"elementor-section elementor-top-section elementor-element elementor-element-bc71f0a elementor-section-content-middle elementor-section-boxed elementor-section-height-default elementor-section-height-default\" data-id=\"bc71f0a\" data-element_type=\"section\" data-e-type=\"section\" data-settings=\"{&quot;background_background&quot;:&quot;classic&quot;}\">\n\t\t\t\t\t\t<div class=\"elementor-container elementor-column-gap-default\">\n\t\t\t\t\t<div class=\"elementor-column elementor-col-50 elementor-top-column elementor-element elementor-element-4f028615 elementor-hidden-phone\" data-id=\"4f028615\" data-element_type=\"column\" data-e-type=\"column\">\n\t\t\t<div class=\"elementor-widget-wrap elementor-element-populated\">\n\t\t\t\t\t\t<div class=\"elementor-element elementor-element-493404d4 elementor-icon-list--layout-inline elementor-list-item-link-full_width elementor-widget elementor-widget-icon-list\" data-id=\"493404d4\" data-element_type=\"widget\" data-e-type=\"widget\" data-widget_type=\"icon-list.default\">\n\t\t\t\t\t\t\t<ul class=\"elementor-icon-list-items elementor-inline-items\">\n\t\t\t\t\t\t\t<li class=\"elementor-icon-list-item elementor-inline-item\">\n\t\t\t\t\t\t\t\t\t\t\t<span class=\"elementor-icon-list-icon\">\n\t\t\t\t\t\t\t<svg xmlns=\"http:\/\/www.w3.org\/2000\/svg\" xmlns:xlink=\"http:\/\/www.w3.org\/1999\/xlink\" width=\"2000\" zoomAndPan=\"magnify\" viewBox=\"0 0 1500 1499.999933\" height=\"2000\" preserveAspectRatio=\"xMidYMid meet\"><path fill=\"#ffffff\" d=\"M 658.382812 187.679688 C 355.386719 239.671875 134.886719 512.609375 152.484375 813.90625 C 156.148438 876.710938 167.515625 939.375 182.148438 977.488281 C 199.113281 1021.652344 244.804688 1107.796875 269.984375 1143.078125 C 393.019531 1315.503906 628.445312 1413.617188 835.910156 1378.925781 C 959.550781 1358.253906 1055.328125 1314.34375 1145.113281 1237.171875 C 1289.972656 1112.660156 1372.144531 902.691406 1348.210938 718.183594 C 1328.761719 568.195312 1277.402344 461.289062 1176.914062 361.605469 C 1033.222656 219.066406 844.464844 155.753906 658.382812 187.679688 M 654.488281 255.386719 C 558.558594 273.574219 462.796875 320.976562 391.847656 385.386719 C 210.089844 550.394531 162.648438 814.664062 275.632812 1032.882812 C 388.414062 1250.726562 637.324219 1364.960938 875.457031 1308.164062 C 1076.488281 1260.222656 1236.019531 1093.5 1277.09375 888.429688 C 1292.433594 811.832031 1286.996094 699.179688 1264.546875 628.722656 C 1214.253906 470.886719 1102.75 348.800781 952.621094 287.210938 C 864.421875 251.023438 744.828125 238.257812 654.488281 255.386719 M 670.699219 393.394531 C 583.632812 425.695312 528.019531 492.597656 512.3125 583.917969 C 505.074219 625.96875 512.953125 682.269531 531.058594 717.976562 C 543.089844 741.695312 581.339844 789.214844 588.414062 789.214844 C 591.355469 789.214844 599.664062 780.914062 606.890625 770.769531 L 620.027344 752.320312 L 604.339844 731.765625 C 556.414062 668.925781 559.953125 568.5625 612.335938 505.054688 C 655.007812 453.328125 735.53125 431.59375 807.273438 452.445312 C 835.136719 460.550781 850.304688 470.050781 875.328125 495.066406 C 917.570312 537.308594 930.519531 574.320312 926.621094 641.652344 C 924.25 682.59375 920.765625 695.003906 904.144531 721.753906 L 884.464844 753.402344 L 898.089844 775.4375 L 911.707031 797.476562 L 934.59375 771.683594 C 995.355469 703.214844 1009.691406 606.425781 971.78125 520.714844 C 952.929688 478.097656 897.421875 423.488281 852.074219 402.957031 C 800.855469 379.757812 719.058594 375.445312 670.699219 393.394531 M 677.65625 695.078125 C 641.238281 755.34375 571.179688 870.726562 521.984375 951.492188 C 472.785156 1032.257812 434.496094 1100.3125 436.910156 1102.726562 C 439.324219 1105.140625 582.988281 1107.703125 756.167969 1108.414062 C 1014.582031 1109.480469 1070.476562 1108.257812 1067.914062 1101.578125 C 1066.199219 1097.105469 1046.132812 1063.183594 1023.324219 1026.210938 C 979.148438 954.449219 935.058594 882.652344 891.046875 810.820312 C 765.589844 606.140625 752.574219 585.660156 747.941406 585.578125 C 745.707031 585.542969 714.074219 634.8125 677.65625 695.078125 M 651.339844 889.523438 L 558.710938 1039.214844 L 747.339844 1040.851562 C 851.09375 1041.746094 937 1041.457031 938.253906 1040.203125 C 939.996094 1038.460938 838.347656 874.222656 759.050781 750.636719 C 755.238281 744.691406 750.285156 739.832031 748.046875 739.832031 C 745.804688 739.832031 702.292969 807.191406 651.339844 889.523438 \" fill-opacity=\"1\" fill-rule=\"evenodd\"><\/path><\/svg>\t\t\t\t\t\t<\/span>\n\t\t\t\t\t\t\t\t\t\t<span class=\"elementor-icon-list-text\">ELYSIO Network<\/span>\n\t\t\t\t\t\t\t\t\t<\/li>\n\t\t\t\t\t\t<\/ul>\n\t\t\t\t\t\t<\/div>\n\t\t\t\t\t<\/div>\n\t\t<\/div>\n\t\t\t\t<div class=\"elementor-column elementor-col-50 elementor-top-column elementor-element elementor-element-358a8eb7\" data-id=\"358a8eb7\" data-element_type=\"column\" data-e-type=\"column\">\n\t\t\t<div class=\"elementor-widget-wrap elementor-element-populated\">\n\t\t\t\t\t\t<div class=\"elementor-element elementor-element-111ff0ff elementor-nav-menu--dropdown-tablet elementor-nav-menu__text-align-aside elementor-nav-menu--toggle elementor-nav-menu--burger elementor-widget elementor-widget-nav-menu\" data-id=\"111ff0ff\" data-element_type=\"widget\" data-e-type=\"widget\" data-settings=\"{&quot;layout&quot;:&quot;horizontal&quot;,&quot;submenu_icon&quot;:{&quot;value&quot;:&quot;&lt;svg aria-hidden=\\&quot;true\\&quot; class=\\&quot;e-font-icon-svg e-fas-caret-down\\&quot; viewBox=\\&quot;0 0 320 512\\&quot; xmlns=\\&quot;http:\\\/\\\/www.w3.org\\\/2000\\\/svg\\&quot;&gt;&lt;path d=\\&quot;M31.3 192h257.3c17.8 0 26.7 21.5 14.1 34.1L174.1 354.8c-7.8 7.8-20.5 7.8-28.3 0L17.2 226.1C4.6 213.5 13.5 192 31.3 192z\\&quot;&gt;&lt;\\\/path&gt;&lt;\\\/svg&gt;&quot;,&quot;library&quot;:&quot;fa-solid&quot;},&quot;toggle&quot;:&quot;burger&quot;}\" data-widget_type=\"nav-menu.default\">\n\t\t\t\t\t\t\t\t<nav aria-label=\"Menu\" class=\"elementor-nav-menu--main elementor-nav-menu__container elementor-nav-menu--layout-horizontal e--pointer-underline e--animation-fade\">\n\t\t\t\t<ul id=\"menu-1-111ff0ff\" class=\"elementor-nav-menu\"><li class=\"menu-item menu-item-type-post_type menu-item-object-page menu-item-231\"><a href=\"https:\/\/elysioclub.at\/index.php\/account\/\" class=\"elementor-item\">Account<\/a><\/li>\n<li class=\"menu-item menu-item-type-post_type menu-item-object-page menu-item-232\"><a href=\"https:\/\/elysioclub.at\/index.php\/logout\/\" class=\"elementor-item\">Logout<\/a><\/li>\n<li class=\"menu-item menu-item-type-post_type menu-item-object-page menu-item-233\"><a href=\"https:\/\/elysioclub.at\/index.php\/register\/\" class=\"elementor-item\">Register<\/a><\/li>\n<li class=\"menu-item menu-item-type-post_type menu-item-object-page menu-item-234\"><a href=\"https:\/\/elysioclub.at\/index.php\/login\/\" class=\"elementor-item\">Login<\/a><\/li>\n<li class=\"menu-item menu-item-type-post_type menu-item-object-page menu-item-235\"><a href=\"https:\/\/elysioclub.at\/index.php\/user\/\" class=\"elementor-item\">User<\/a><\/li>\n<li class=\"menu-item menu-item-type-post_type menu-item-object-page menu-item-236\"><a href=\"https:\/\/elysioclub.at\/index.php\/my-account\/\" class=\"elementor-item\">My account<\/a><\/li>\n<li class=\"menu-item menu-item-type-post_type menu-item-object-page menu-item-237\"><a href=\"https:\/\/elysioclub.at\/index.php\/checkout\/\" class=\"elementor-item\">Checkout<\/a><\/li>\n<li class=\"menu-item menu-item-type-post_type menu-item-object-page menu-item-238\"><a href=\"https:\/\/elysioclub.at\/index.php\/cart\/\" class=\"elementor-item\">Cart<\/a><\/li>\n<li class=\"menu-item menu-item-type-post_type menu-item-object-page menu-item-239\"><a href=\"https:\/\/elysioclub.at\/index.php\/shop\/\" class=\"elementor-item\">Shop<\/a><\/li>\n<\/ul>\t\t\t<\/nav>\n\t\t\t\t\t<div class=\"elementor-menu-toggle\" role=\"button\" tabindex=\"0\" aria-label=\"Menu Toggle\" aria-expanded=\"false\">\n\t\t\t<svg aria-hidden=\"true\" role=\"presentation\" class=\"elementor-menu-toggle__icon--open e-font-icon-svg e-eicon-menu-bar\" viewBox=\"0 0 1000 1000\" xmlns=\"http:\/\/www.w3.org\/2000\/svg\"><path d=\"M104 333H896C929 333 958 304 958 271S929 208 896 208H104C71 208 42 237 42 271S71 333 104 333ZM104 583H896C929 583 958 554 958 521S929 458 896 458H104C71 458 42 487 42 521S71 583 104 583ZM104 833H896C929 833 958 804 958 771S929 708 896 708H104C71 708 42 737 42 771S71 833 104 833Z\"><\/path><\/svg><svg aria-hidden=\"true\" role=\"presentation\" class=\"elementor-menu-toggle__icon--close e-font-icon-svg e-eicon-close\" viewBox=\"0 0 1000 1000\" xmlns=\"http:\/\/www.w3.org\/2000\/svg\"><path d=\"M742 167L500 408 258 167C246 154 233 150 217 150 196 150 179 158 167 167 154 179 150 196 150 212 150 229 154 242 171 254L408 500 167 742C138 771 138 800 167 829 196 858 225 858 254 829L496 587 738 829C750 842 767 846 783 846 800 846 817 842 829 829 842 817 846 804 846 783 846 767 842 750 829 737L588 500 833 258C863 229 863 200 833 171 804 137 775 137 742 167Z\"><\/path><\/svg>\t\t<\/div>\n\t\t\t\t\t<nav class=\"elementor-nav-menu--dropdown elementor-nav-menu__container\" aria-hidden=\"true\">\n\t\t\t\t<ul id=\"menu-2-111ff0ff\" class=\"elementor-nav-menu\"><li class=\"menu-item menu-item-type-post_type menu-item-object-page menu-item-231\"><a href=\"https:\/\/elysioclub.at\/index.php\/account\/\" class=\"elementor-item\" tabindex=\"-1\">Account<\/a><\/li>\n<li class=\"menu-item menu-item-type-post_type menu-item-object-page menu-item-232\"><a href=\"https:\/\/elysioclub.at\/index.php\/logout\/\" class=\"elementor-item\" tabindex=\"-1\">Logout<\/a><\/li>\n<li class=\"menu-item menu-item-type-post_type menu-item-object-page menu-item-233\"><a href=\"https:\/\/elysioclub.at\/index.php\/register\/\" class=\"elementor-item\" tabindex=\"-1\">Register<\/a><\/li>\n<li class=\"menu-item menu-item-type-post_type menu-item-object-page menu-item-234\"><a href=\"https:\/\/elysioclub.at\/index.php\/login\/\" class=\"elementor-item\" tabindex=\"-1\">Login<\/a><\/li>\n<li class=\"menu-item menu-item-type-post_type menu-item-object-page menu-item-235\"><a href=\"https:\/\/elysioclub.at\/index.php\/user\/\" class=\"elementor-item\" tabindex=\"-1\">User<\/a><\/li>\n<li class=\"menu-item menu-item-type-post_type menu-item-object-page menu-item-236\"><a href=\"https:\/\/elysioclub.at\/index.php\/my-account\/\" class=\"elementor-item\" tabindex=\"-1\">My account<\/a><\/li>\n<li class=\"menu-item menu-item-type-post_type menu-item-object-page menu-item-237\"><a href=\"https:\/\/elysioclub.at\/index.php\/checkout\/\" class=\"elementor-item\" tabindex=\"-1\">Checkout<\/a><\/li>\n<li class=\"menu-item menu-item-type-post_type menu-item-object-page menu-item-238\"><a href=\"https:\/\/elysioclub.at\/index.php\/cart\/\" class=\"elementor-item\" tabindex=\"-1\">Cart<\/a><\/li>\n<li class=\"menu-item menu-item-type-post_type menu-item-object-page menu-item-239\"><a href=\"https:\/\/elysioclub.at\/index.php\/shop\/\" class=\"elementor-item\" tabindex=\"-1\">Shop<\/a><\/li>\n<\/ul>\t\t\t<\/nav>\n\t\t\t\t\t\t<\/div>\n\t\t\t\t\t<\/div>\n\t\t<\/div>\n\t\t\t\t\t<\/div>\n\t\t<\/section>\n\t\t<div class=\"elementor-element elementor-element-2e4bf10 e-flex e-con-boxed e-con e-parent\" data-id=\"2e4bf10\" data-element_type=\"container\" data-e-type=\"container\" data-settings=\"{&quot;background_background&quot;:&quot;classic&quot;,&quot;background_motion_fx_motion_fx_scrolling&quot;:&quot;yes&quot;,&quot;background_motion_fx_translateY_effect&quot;:&quot;yes&quot;,&quot;background_motion_fx_translateY_speed&quot;:{&quot;unit&quot;:&quot;px&quot;,&quot;size&quot;:6.6,&quot;sizes&quot;:[]},&quot;background_motion_fx_blur_effect&quot;:&quot;yes&quot;,&quot;background_motion_fx_blur_level&quot;:{&quot;unit&quot;:&quot;px&quot;,&quot;size&quot;:15,&quot;sizes&quot;:[]},&quot;background_motion_fx_blur_range&quot;:{&quot;unit&quot;:&quot;%&quot;,&quot;size&quot;:&quot;&quot;,&quot;sizes&quot;:{&quot;start&quot;:20,&quot;end&quot;:100}},&quot;shape_divider_bottom&quot;:&quot;triangle&quot;,&quot;background_motion_fx_translateY_affectedRange&quot;:{&quot;unit&quot;:&quot;%&quot;,&quot;size&quot;:&quot;&quot;,&quot;sizes&quot;:{&quot;start&quot;:0,&quot;end&quot;:100}},&quot;background_motion_fx_blur_direction&quot;:&quot;out-in&quot;,&quot;background_motion_fx_devices&quot;:[&quot;desktop&quot;,&quot;tablet&quot;,&quot;mobile&quot;]}\">\n\t\t\t\t\t<div class=\"e-con-inner\">\n\t\t\t\t<div class=\"elementor-shape elementor-shape-bottom\" aria-hidden=\"true\" data-negative=\"false\">\n\t\t\t<svg xmlns=\"http:\/\/www.w3.org\/2000\/svg\" viewBox=\"0 0 1000 100\" preserveAspectRatio=\"none\">\n\t<path class=\"elementor-shape-fill\" d=\"M500,98.9L0,6.1V0h1000v6.1L500,98.9z\"\/>\n<\/svg>\t\t<\/div>\n\t\t\t\t\t\t\t\n\t\t<img class=\"e-image-base e-6680bca-132edf9\" \n\t\t\t\t\tdata-interaction-id=\"6680bca\" \n\t\t \n\t\t \n\t\t\t\t\t\t\t\t\tid=\"100\"\n\t\t\t\t\t\t\t\t\t\t\t\tsrc=\"https:\/\/elysioclub.at\/wp-content\/uploads\/2026\/04\/Design-ohne-Titel-8-300x169.png\"\n\t\t\t\t\t\t\t\t\t\t\t\twidth=\"300\"\n\t\t\t\t\t\t\t\t\t\t\t\theight=\"169\"\n\t\t\t\t\t\t\t\t\t\t\t\tsrcset=\"https:\/\/elysioclub.at\/wp-content\/uploads\/2026\/04\/Design-ohne-Titel-8-300x169.png 300w, https:\/\/elysioclub.at\/wp-content\/uploads\/2026\/04\/Design-ohne-Titel-8-600x338.png 600w, https:\/\/elysioclub.at\/wp-content\/uploads\/2026\/04\/Design-ohne-Titel-8-1024x576.png 1024w, https:\/\/elysioclub.at\/wp-content\/uploads\/2026\/04\/Design-ohne-Titel-8-768x432.png 768w, https:\/\/elysioclub.at\/wp-content\/uploads\/2026\/04\/Design-ohne-Titel-8-1536x864.png 1536w, https:\/\/elysioclub.at\/wp-content\/uploads\/2026\/04\/Design-ohne-Titel-8.png 1920w\"\n\t\t\t\t\t\t\t\t\t\t\t\talt=\"\"\n\t\t\t\t\t\t\/>\n\t\t\t\t\t\t\t\t<h2 \n\t\tdata-interaction-id=\"80d6e08\" \n\t\tclass=\"e-80d6e08-e6a10ad e-heading-base\" \n\t\t \n\t\t\n\t>\n\t\n\t\t\tEntdecke Events, Artists und eine neue Generation von Clubbing.\n\t\t<\/h2>\n\t\t\t\t\t\t\t\n\t\t<img class=\"e-image-base e-c5f66dd-0edc6b1\" \n\t\t\t\t\tdata-interaction-id=\"c5f66dd\" \n\t\t \n\t\t \n\t\t\t\t\t\t\t\t\tid=\"138\"\n\t\t\t\t\t\t\t\t\t\t\t\tsrc=\"https:\/\/elysioclub.at\/wp-content\/uploads\/2026\/04\/Design-ohne-Titel-15.png\"\n\t\t\t\t\t\t\t\t\t\t\t\twidth=\"1920\"\n\t\t\t\t\t\t\t\t\t\t\t\theight=\"1080\"\n\t\t\t\t\t\t\t\t\t\t\t\tsrcset=\"https:\/\/elysioclub.at\/wp-content\/uploads\/2026\/04\/Design-ohne-Titel-15.png 1920w, https:\/\/elysioclub.at\/wp-content\/uploads\/2026\/04\/Design-ohne-Titel-15-600x338.png 600w, https:\/\/elysioclub.at\/wp-content\/uploads\/2026\/04\/Design-ohne-Titel-15-300x169.png 300w, https:\/\/elysioclub.at\/wp-content\/uploads\/2026\/04\/Design-ohne-Titel-15-1024x576.png 1024w, https:\/\/elysioclub.at\/wp-content\/uploads\/2026\/04\/Design-ohne-Titel-15-768x432.png 768w, https:\/\/elysioclub.at\/wp-content\/uploads\/2026\/04\/Design-ohne-Titel-15-1536x864.png 1536w\"\n\t\t\t\t\t\t\t\t\t\t\t\talt=\"\"\n\t\t\t\t\t\t\/>\n\t\t\t\t\t\t<\/div>\n\t\t\t\t<\/div>\n\t\t<div class=\"elementor-element elementor-element-8df2aab e-flex e-con-boxed e-con e-parent\" data-id=\"8df2aab\" data-element_type=\"container\" data-e-type=\"container\" data-settings=\"{&quot;background_background&quot;:&quot;classic&quot;}\">\n\t\t\t\t\t<div class=\"e-con-inner\">\n\t\t<div class=\"elementor-element elementor-element-827e005 e-con-full e-flex e-con e-child\" data-id=\"827e005\" data-element_type=\"container\" data-e-type=\"container\">\n\t\t\t\t\t\t\t\n\t\t<img class=\"e-image-base e-2010552-f295ec1\" \n\t\t\t\t\tdata-interaction-id=\"2010552\" \n\t\t \n\t\t \n\t\t\t\t\t\t\t\t\tid=\"153\"\n\t\t\t\t\t\t\t\t\t\t\t\tsrc=\"https:\/\/elysioclub.at\/wp-content\/uploads\/2026\/04\/Design-ohne-Titel-21.png\"\n\t\t\t\t\t\t\t\t\t\t\t\twidth=\"1920\"\n\t\t\t\t\t\t\t\t\t\t\t\theight=\"1080\"\n\t\t\t\t\t\t\t\t\t\t\t\tsrcset=\"https:\/\/elysioclub.at\/wp-content\/uploads\/2026\/04\/Design-ohne-Titel-21.png 1920w, https:\/\/elysioclub.at\/wp-content\/uploads\/2026\/04\/Design-ohne-Titel-21-600x338.png 600w, https:\/\/elysioclub.at\/wp-content\/uploads\/2026\/04\/Design-ohne-Titel-21-300x169.png 300w, https:\/\/elysioclub.at\/wp-content\/uploads\/2026\/04\/Design-ohne-Titel-21-1024x576.png 1024w, https:\/\/elysioclub.at\/wp-content\/uploads\/2026\/04\/Design-ohne-Titel-21-768x432.png 768w, https:\/\/elysioclub.at\/wp-content\/uploads\/2026\/04\/Design-ohne-Titel-21-1536x864.png 1536w\"\n\t\t\t\t\t\t\t\t\t\t\t\talt=\"\"\n\t\t\t\t\t\t\/>\n\t\t\t\t\t<div class=\"elementor-element elementor-element-4dedec8 elementor-widget elementor-widget-heading\" data-id=\"4dedec8\" data-element_type=\"widget\" data-e-type=\"widget\" data-widget_type=\"heading.default\">\n\t\t\t\t\t<h2 class=\"elementor-heading-title elementor-size-default\">Artists &amp; DJs<\/h2>\t\t\t\t<\/div>\n\t\t\t\t\t\t\t\t<p class=\"e-6733690-98a9b84 e-paragraph-base\" data-interaction-id=\"6733690\"  >\n\t\t\t\t\t\t\t\tFinde lokale Artists, aufstrebende DJs und kreative K\u00f6pfe f\u00fcr dein n\u00e4chstes Event.<br><br>In Vorarlberg und Umgebung.\n\t\t\t\t\t<\/p>\n\t\t\t\t<\/div>\n\t\t<div class=\"elementor-element elementor-element-47587d5 e-con-full e-flex e-con e-child\" data-id=\"47587d5\" data-element_type=\"container\" data-e-type=\"container\">\n\t\t\t\t\t\t\t\n\t\t<img class=\"e-image-base e-f309d97-903fa2e\" \n\t\t\t\t\tdata-interaction-id=\"f309d97\" \n\t\t \n\t\t \n\t\t\t\t\t\t\t\t\tid=\"154\"\n\t\t\t\t\t\t\t\t\t\t\t\tsrc=\"https:\/\/elysioclub.at\/wp-content\/uploads\/2026\/04\/Design-ohne-Titel-20.png\"\n\t\t\t\t\t\t\t\t\t\t\t\twidth=\"1920\"\n\t\t\t\t\t\t\t\t\t\t\t\theight=\"1080\"\n\t\t\t\t\t\t\t\t\t\t\t\tsrcset=\"https:\/\/elysioclub.at\/wp-content\/uploads\/2026\/04\/Design-ohne-Titel-20.png 1920w, https:\/\/elysioclub.at\/wp-content\/uploads\/2026\/04\/Design-ohne-Titel-20-600x338.png 600w, https:\/\/elysioclub.at\/wp-content\/uploads\/2026\/04\/Design-ohne-Titel-20-300x169.png 300w, https:\/\/elysioclub.at\/wp-content\/uploads\/2026\/04\/Design-ohne-Titel-20-1024x576.png 1024w, https:\/\/elysioclub.at\/wp-content\/uploads\/2026\/04\/Design-ohne-Titel-20-768x432.png 768w, https:\/\/elysioclub.at\/wp-content\/uploads\/2026\/04\/Design-ohne-Titel-20-1536x864.png 1536w\"\n\t\t\t\t\t\t\t\t\t\t\t\talt=\"\"\n\t\t\t\t\t\t\/>\n\t\t\t\t\t<div class=\"elementor-element elementor-element-0e1b65e elementor-widget elementor-widget-heading\" data-id=\"0e1b65e\" data-element_type=\"widget\" data-e-type=\"widget\" data-widget_type=\"heading.default\">\n\t\t\t\t\t<h2 class=\"elementor-heading-title elementor-size-default\">Events<\/h2>\t\t\t\t<\/div>\n\t\t\t\t\t\t\t\t<p class=\"e-f7a13b4-023aa09 e-paragraph-base\" data-interaction-id=\"f7a13b4\"  >\n\t\t\t\t\t\t\t\tEntdecke kommende Events, besondere N\u00e4chte und neue Konzepte aus der Region.<br><br>Alles an einem Ort - f\u00fcr dich.\n\t\t\t\t\t<\/p>\n\t\t\t\t<\/div>\n\t\t<div class=\"elementor-element elementor-element-f8e5972 e-con-full e-flex e-con e-child\" data-id=\"f8e5972\" data-element_type=\"container\" data-e-type=\"container\">\n\t\t\t\t\t\t\t\n\t\t<img class=\"e-image-base e-0e06017-62fc542\" \n\t\t\t\t\tdata-interaction-id=\"0e06017\" \n\t\t \n\t\t \n\t\t\t\t\t\t\t\t\tid=\"155\"\n\t\t\t\t\t\t\t\t\t\t\t\tsrc=\"https:\/\/elysioclub.at\/wp-content\/uploads\/2026\/04\/Design-ohne-Titel-19.png\"\n\t\t\t\t\t\t\t\t\t\t\t\twidth=\"1920\"\n\t\t\t\t\t\t\t\t\t\t\t\theight=\"1080\"\n\t\t\t\t\t\t\t\t\t\t\t\tsrcset=\"https:\/\/elysioclub.at\/wp-content\/uploads\/2026\/04\/Design-ohne-Titel-19.png 1920w, https:\/\/elysioclub.at\/wp-content\/uploads\/2026\/04\/Design-ohne-Titel-19-600x338.png 600w, https:\/\/elysioclub.at\/wp-content\/uploads\/2026\/04\/Design-ohne-Titel-19-300x169.png 300w, https:\/\/elysioclub.at\/wp-content\/uploads\/2026\/04\/Design-ohne-Titel-19-1024x576.png 1024w, https:\/\/elysioclub.at\/wp-content\/uploads\/2026\/04\/Design-ohne-Titel-19-768x432.png 768w, https:\/\/elysioclub.at\/wp-content\/uploads\/2026\/04\/Design-ohne-Titel-19-1536x864.png 1536w\"\n\t\t\t\t\t\t\t\t\t\t\t\talt=\"\"\n\t\t\t\t\t\t\/>\n\t\t\t\t\t<div class=\"elementor-element elementor-element-535b998 elementor-widget elementor-widget-heading\" data-id=\"535b998\" data-element_type=\"widget\" data-e-type=\"widget\" data-widget_type=\"heading.default\">\n\t\t\t\t\t<h2 class=\"elementor-heading-title elementor-size-default\">Netzwerk<\/h2>\t\t\t\t<\/div>\n\t\t\t\t\t\t\t\t<p class=\"e-40ecc0f-181f5d4 e-paragraph-base\" data-interaction-id=\"40ecc0f\"  >\n\t\t\t\t\t\t\t\tELYSIO verbindet Clubs, Veranstalter, Partner und Community in einem Netzwerk.<br><br>Gemeinsam ans Ziel.\n\t\t\t\t\t<\/p>\n\t\t\t\t<\/div>\n\t\t\t\t\t<\/div>\n\t\t\t\t<\/div>\n\t\t<div class=\"elementor-element elementor-element-b114dc7 e-flex e-con-boxed e-con e-parent\" data-id=\"b114dc7\" data-element_type=\"container\" data-e-type=\"container\" data-settings=\"{&quot;background_background&quot;:&quot;classic&quot;}\">\n\t\t\t\t\t<div class=\"e-con-inner\">\n\t\t<div class=\"elementor-element elementor-element-f3d2aa5 e-con-full e-flex e-con e-child\" data-id=\"f3d2aa5\" data-element_type=\"container\" data-e-type=\"container\">\n\t\t\t\t<\/div>\n\t\t<div class=\"elementor-element elementor-element-ab17e0a e-con-full e-flex e-con e-child\" data-id=\"ab17e0a\" data-element_type=\"container\" data-e-type=\"container\">\n\t\t\t\t\t\t\t\t<p class=\"e-fb4396e-9ca1f5c e-paragraph-base\" data-interaction-id=\"fb4396e\"  >\n\t\t\t\t\t\t\t\t<strong id=\"e-mnuv5yc7-rnfsekq\">Impressum - Datenschutzerkl\u00e4rung<\/strong><br><strong id=\"e-mnuv5yc7-z9u6iw9\">Foto &amp; Videohinweis - AGB<\/strong>\n\t\t\t\t\t<\/p>\n\t\t\t\t\t\t\t\n\t\t<img class=\"e-image-base e-bbe2235-f4012db\" \n\t\t\t\t\tdata-interaction-id=\"bbe2235\" \n\t\t \n\t\t \n\t\t\t\t\t\t\t\t\tid=\"40\"\n\t\t\t\t\t\t\t\t\t\t\t\tsrc=\"https:\/\/elysioclub.at\/wp-content\/uploads\/2026\/04\/Design-ohne-Titel-1.png\"\n\t\t\t\t\t\t\t\t\t\t\t\twidth=\"1000\"\n\t\t\t\t\t\t\t\t\t\t\t\theight=\"1000\"\n\t\t\t\t\t\t\t\t\t\t\t\tsrcset=\"https:\/\/elysioclub.at\/wp-content\/uploads\/2026\/04\/Design-ohne-Titel-1.png 1000w, https:\/\/elysioclub.at\/wp-content\/uploads\/2026\/04\/Design-ohne-Titel-1-300x300.png 300w, https:\/\/elysioclub.at\/wp-content\/uploads\/2026\/04\/Design-ohne-Titel-1-100x100.png 100w, https:\/\/elysioclub.at\/wp-content\/uploads\/2026\/04\/Design-ohne-Titel-1-600x600.png 600w, https:\/\/elysioclub.at\/wp-content\/uploads\/2026\/04\/Design-ohne-Titel-1-150x150.png 150w, https:\/\/elysioclub.at\/wp-content\/uploads\/2026\/04\/Design-ohne-Titel-1-768x768.png 768w\"\n\t\t\t\t\t\t\t\t\t\t\t\talt=\"\"\n\t\t\t\t\t\t\/>\n\t\t\t\t\t\t\t\t\t<p class=\"e-34346db-6a78beb e-paragraph-base\" data-interaction-id=\"34346db\"  >\n\t\t\t\t\t\t\t\t<strong id=\"e-mnuv646n-fsigohe\">Copyright \u00a9 2025 - 2026 Reversed Couture e.U.<\/strong><br><strong id=\"e-mnuv646n-3ldux9l\">All Rights Reserved<\/strong>\n\t\t\t\t\t<\/p>\n\t\t\t\t<\/div>\n\t\t<div class=\"elementor-element elementor-element-91299f7 e-con-full e-flex e-con e-child\" data-id=\"91299f7\" data-element_type=\"container\" data-e-type=\"container\">\n\t\t\t\t\t\t\t\t<p class=\"e-f7a462d-ab59563 e-paragraph-base\" data-interaction-id=\"f7a462d\"  >\n\t\t\t\t\t\t\t\t<strong id=\"e-mnuv10ao-jc8m0se\">Startseite<\/strong><br><strong id=\"e-mnuv10ao-0klv4gk\">Artists &amp; DJs<\/strong><br><strong id=\"e-mnuv10ao-vlpkjcr\">Eventkalender<\/strong><br><strong id=\"e-mnuv10ao-npwmmb7\">Events<\/strong><br><strong id=\"e-mnuv10ao-cajsdjd\">\u00dcber uns<\/strong><br><strong id=\"e-mnuv10ao-zql1qz7\">Shop<\/strong>\n\t\t\t\t\t<\/p>\n\t\t\t\t<\/div>\n\t\t\t\t\t<\/div>\n\t\t\t\t<\/div>\n\t\t\t\t<\/div>\n\t\t","protected":false},"excerpt":{"rendered":"<p>ELYSIO Network Entdecke Events, Artists und eine neue Generation von Clubbing. Artists &amp; DJs Finde lokale Artists, aufstrebende DJs und kreative K\u00f6pfe f\u00fcr dein n\u00e4chstes Event. In Vorarlberg und Umgebung. [&hellip;]<\/p>\n","protected":false},"author":1,"featured_media":0,"parent":0,"menu_order":0,"comment_status":"closed","ping_status":"closed","template":"elementor_canvas","meta":{"footnotes":""},"class_list":["post-95","page","type-page","status-publish","hentry"],"_links":{"self":[{"href":"https:\/\/elysioclub.at\/index.php\/wp-json\/wp\/v2\/pages\/95","targetHints":{"allow":["GET"]}}],"collection":[{"href":"https:\/\/elysioclub.at\/index.php\/wp-json\/wp\/v2\/pages"}],"about":[{"href":"https:\/\/elysioclub.at\/index.php\/wp-json\/wp\/v2\/types\/page"}],"author":[{"embeddable":true,"href":"https:\/\/elysioclub.at\/index.php\/wp-json\/wp\/v2\/users\/1"}],"replies":[{"embeddable":true,"href":"https:\/\/elysioclub.at\/index.php\/wp-json\/wp\/v2\/comments?post=95"}],"version-history":[{"count":91,"href":"https:\/\/elysioclub.at\/index.php\/wp-json\/wp\/v2\/pages\/95\/revisions"}],"predecessor-version":[{"id":251,"href":"https:\/\/elysioclub.at\/index.php\/wp-json\/wp\/v2\/pages\/95\/revisions\/251"}],"wp:attachment":[{"href":"https:\/\/elysioclub.at\/index.php\/wp-json\/wp\/v2\/media?parent=95"}],"curies":[{"name":"wp","href":"https:\/\/api.w.org\/{rel}","templated":true}]}}